{"id":1198,"date":"2025-03-19T18:02:45","date_gmt":"2025-03-19T18:02:45","guid":{"rendered":"https:\/\/stage.sundsgardenkonferens.se\/?page_id=1198"},"modified":"2025-04-29T09:04:41","modified_gmt":"2025-04-29T09:04:41","slug":"just-nu-pa-sundsgarden","status":"publish","type":"page","link":"https:\/\/stage.sundsgardenkonferens.se\/sv\/just-nu-pa-sundsgarden\/","title":{"rendered":"Just nu p\u00e5 Sundsg\u00e5rden"},"content":{"rendered":"\n<div class=\"wp-block-essential-blocks-text  root-eb-text-4ynnv\"><div class=\"eb-parent-wrapper eb-parent-eb-text-4ynnv \"><div class=\"eb-text-wrapper eb-text-4ynnv\" data-id=\"eb-text-4ynnv\"><p class=\"eb-text\"><strong>Vi renoverar<\/strong><br>Mellan\u00a0<strong>15 juni och 15 augusti<\/strong>\u00a0genomf\u00f6rs en renovering f\u00f6r att \u00f6ppna upp hotellet mot havet och skapa en ny, inbjudande lounge f\u00f6r hotell- och konferensg\u00e4ster.<br>Under denna period kan vissa byggnadsarbeten p\u00e5g\u00e5, och en korridor p\u00e5 entr\u00e9plan kommer att vara avst\u00e4ngd. F\u00f6r att underl\u00e4tta f\u00f6r g\u00e4sterna kommer det att finnas\u00a0<strong>tydliga skyltar och kartor<\/strong>\u00a0som visar alternativa v\u00e4gar till exempelvis restaurangen och hotellrummen.<br>I \u00f6vrigt kommer hotellet att h\u00e5lla \u00f6ppet som vanligt, och verksamheten forts\u00e4tter utan st\u00f6rre p\u00e5verkan.<br>F\u00f6r fr\u00e5gor eller mer information, v\u00e4nligen kontakta hotellets reception.\u00a0<br>042-193800,\u00a0bokning@sundsgarden.se<\/p><\/div><\/div><\/div>\n\n\n\n<p class=\"wp-block-paragraph\"><\/p>\n","protected":false},"excerpt":{"rendered":"","protected":false},"author":1,"featured_media":0,"parent":0,"menu_order":0,"comment_status":"closed","ping_status":"closed","template":"","meta":{"_acf_changed":false,"_eb_attr":"","_crdt_document":"","footnotes":""},"class_list":["post-1198","page","type-page","status-publish","hentry"],"acf":[],"_links":{"self":[{"href":"https:\/\/stage.sundsgardenkonferens.se\/sv\/wp-json\/wp\/v2\/pages\/1198","targetHints":{"allow":["GET"]}}],"collection":[{"href":"https:\/\/stage.sundsgardenkonferens.se\/sv\/wp-json\/wp\/v2\/pages"}],"about":[{"href":"https:\/\/stage.sundsgardenkonferens.se\/sv\/wp-json\/wp\/v2\/types\/page"}],"author":[{"embeddable":true,"href":"https:\/\/stage.sundsgardenkonferens.se\/sv\/wp-json\/wp\/v2\/users\/1"}],"replies":[{"embeddable":true,"href":"https:\/\/stage.sundsgardenkonferens.se\/sv\/wp-json\/wp\/v2\/comments?post=1198"}],"version-history":[{"count":2,"href":"https:\/\/stage.sundsgardenkonferens.se\/sv\/wp-json\/wp\/v2\/pages\/1198\/revisions"}],"predecessor-version":[{"id":1365,"href":"https:\/\/stage.sundsgardenkonferens.se\/sv\/wp-json\/wp\/v2\/pages\/1198\/revisions\/1365"}],"wp:attachment":[{"href":"https:\/\/stage.sundsgardenkonferens.se\/sv\/wp-json\/wp\/v2\/media?parent=1198"}],"curies":[{"name":"wp","href":"https:\/\/api.w.org\/{rel}","templated":true}]}}