{"id":1298,"date":"2025-04-27T18:03:31","date_gmt":"2025-04-27T18:03:31","guid":{"rendered":"https:\/\/stage.sundsgardenkonferens.se\/?page_id=1298"},"modified":"2025-04-28T18:01:18","modified_gmt":"2025-04-28T18:01:18","slug":"om-oss","status":"publish","type":"page","link":"https:\/\/stage.sundsgardenkonferens.se\/sv\/om-oss\/","title":{"rendered":"Om oss"},"content":{"rendered":"\n<div class=\"wp-block-media-text is-stacked-on-mobile\" style=\"grid-template-columns:49% auto\"><figure class=\"wp-block-media-text__media\"><a href=\"https:\/\/stage.sundsgardenkonferens.se\/sv\/var-historia\/\"><img loading=\"lazy\" decoding=\"async\" width=\"1024\" height=\"576\" src=\"https:\/\/stage.sundsgardenkonferens.se\/wp-content\/uploads\/2025\/04\/Var_historia_sundsgarden_dronarbild-1024x576.jpg\" alt=\"V\u00e5r historia\" class=\"wp-image-1301 size-full\" srcset=\"https:\/\/stage.sundsgardenkonferens.se\/wp-content\/uploads\/2025\/04\/Var_historia_sundsgarden_dronarbild-1024x576.jpg 1024w, https:\/\/stage.sundsgardenkonferens.se\/wp-content\/uploads\/2025\/04\/Var_historia_sundsgarden_dronarbild-300x169.jpg 300w, https:\/\/stage.sundsgardenkonferens.se\/wp-content\/uploads\/2025\/04\/Var_historia_sundsgarden_dronarbild-768x432.jpg 768w, https:\/\/stage.sundsgardenkonferens.se\/wp-content\/uploads\/2025\/04\/Var_historia_sundsgarden_dronarbild.jpg 1350w\" sizes=\"auto, (max-width: 1024px) 100vw, 1024px\" \/><\/a><\/figure><div class=\"wp-block-media-text__content\">\n<p class=\"wp-block-paragraph\"><a href=\"https:\/\/stage.sundsgardenkonferens.se\/sv\/var-historia\/\">V\u00e5r historia<\/a><\/p>\n<\/div><\/div>\n\n\n\n<div class=\"wp-block-media-text has-media-on-the-right is-stacked-on-mobile\"><div class=\"wp-block-media-text__content\">\n<p class=\"wp-block-paragraph\"><a href=\"https:\/\/stage.sundsgardenkonferens.se\/sv\/vart-miljoarbete\/\" data-type=\"page\" data-id=\"841\">V\u00e5rt milj\u00f6arbete<\/a><\/p>\n<\/div><figure class=\"wp-block-media-text__media\"><img loading=\"lazy\" decoding=\"async\" width=\"200\" height=\"114\" src=\"https:\/\/stage.sundsgardenkonferens.se\/wp-content\/uploads\/2025\/04\/gkg-logo.png\" alt=\"\" class=\"wp-image-1314 size-full\"\/><\/figure><\/div>\n\n\n\n<div class=\"wp-block-media-text is-stacked-on-mobile\" style=\"grid-template-columns:49% auto\"><figure class=\"wp-block-media-text__media\"><a href=\"https:\/\/stage.sundsgardenkonferens.se\/sv\/integritets-policy\/\"><img loading=\"lazy\" decoding=\"async\" width=\"1024\" height=\"682\" src=\"https:\/\/stage.sundsgardenkonferens.se\/wp-content\/uploads\/2025\/04\/integritetspolicy-1024x682.jpg\" alt=\"Integritetspolicy\" class=\"wp-image-1303 size-full\" srcset=\"https:\/\/stage.sundsgardenkonferens.se\/wp-content\/uploads\/2025\/04\/integritetspolicy-1024x682.jpg 1024w, https:\/\/stage.sundsgardenkonferens.se\/wp-content\/uploads\/2025\/04\/integritetspolicy-300x200.jpg 300w, https:\/\/stage.sundsgardenkonferens.se\/wp-content\/uploads\/2025\/04\/integritetspolicy-768x512.jpg 768w, https:\/\/stage.sundsgardenkonferens.se\/wp-content\/uploads\/2025\/04\/integritetspolicy.jpg 1340w\" sizes=\"auto, (max-width: 1024px) 100vw, 1024px\" \/><\/a><\/figure><div class=\"wp-block-media-text__content\">\n<p class=\"wp-block-paragraph\"><a href=\"https:\/\/stage.sundsgardenkonferens.se\/sv\/integritets-policy\/\" data-type=\"page\" data-id=\"849\">Integritetspolicy<\/a><\/p>\n<\/div><\/div>\n\n\n\n<div class=\"wp-block-media-text has-media-on-the-right is-stacked-on-mobile\" style=\"grid-template-columns:auto 51%\"><div class=\"wp-block-media-text__content\">\n<p class=\"wp-block-paragraph\">Lediga jobb<\/p>\n<\/div><figure class=\"wp-block-media-text__media\"><img loading=\"lazy\" decoding=\"async\" width=\"1024\" height=\"682\" src=\"https:\/\/stage.sundsgardenkonferens.se\/wp-content\/uploads\/2025\/04\/Jobba_hos_oss_sundsgarden-1024x682.jpg\" alt=\"Lediga jobb\" class=\"wp-image-1299 size-full\" srcset=\"https:\/\/stage.sundsgardenkonferens.se\/wp-content\/uploads\/2025\/04\/Jobba_hos_oss_sundsgarden-1024x682.jpg 1024w, https:\/\/stage.sundsgardenkonferens.se\/wp-content\/uploads\/2025\/04\/Jobba_hos_oss_sundsgarden-300x200.jpg 300w, https:\/\/stage.sundsgardenkonferens.se\/wp-content\/uploads\/2025\/04\/Jobba_hos_oss_sundsgarden-768x512.jpg 768w, https:\/\/stage.sundsgardenkonferens.se\/wp-content\/uploads\/2025\/04\/Jobba_hos_oss_sundsgarden.jpg 1400w\" sizes=\"auto, (max-width: 1024px) 100vw, 1024px\" \/><\/figure><\/div>\n\n\n\n<div class=\"wp-block-media-text is-stacked-on-mobile\" style=\"grid-template-columns:49% auto\"><figure class=\"wp-block-media-text__media\"><a href=\"https:\/\/stage.sundsgardenkonferens.se\/sv\/contact\/\"><img loading=\"lazy\" decoding=\"async\" width=\"1024\" height=\"497\" src=\"https:\/\/stage.sundsgardenkonferens.se\/wp-content\/uploads\/2025\/01\/6-1024x497.jpg\" alt=\"Tjej som sitter och fikar och jobbar\" class=\"wp-image-850 size-full\" srcset=\"https:\/\/stage.sundsgardenkonferens.se\/wp-content\/uploads\/2025\/01\/6-1024x497.jpg 1024w, https:\/\/stage.sundsgardenkonferens.se\/wp-content\/uploads\/2025\/01\/6-300x146.jpg 300w, https:\/\/stage.sundsgardenkonferens.se\/wp-content\/uploads\/2025\/01\/6-768x373.jpg 768w, https:\/\/stage.sundsgardenkonferens.se\/wp-content\/uploads\/2025\/01\/6.jpg 1339w\" sizes=\"auto, (max-width: 1024px) 100vw, 1024px\" \/><\/a><\/figure><div class=\"wp-block-media-text__content\">\n<p class=\"wp-block-paragraph\"><a href=\"https:\/\/stage.sundsgardenkonferens.se\/sv\/contact\/\" data-type=\"page\" data-id=\"525\">Kontakta oss<\/a><\/p>\n<\/div><\/div>\n\n\n\n<p class=\"wp-block-paragraph\"><\/p>\n","protected":false},"excerpt":{"rendered":"<p>V\u00e5r historia V\u00e5rt milj\u00f6arbete Integritetspolicy Lediga jobb Kontakta oss<\/p>\n","protected":false},"author":1,"featured_media":0,"parent":0,"menu_order":0,"comment_status":"closed","ping_status":"closed","template":"","meta":{"_acf_changed":false,"_eb_attr":"","_crdt_document":"","footnotes":""},"class_list":["post-1298","page","type-page","status-publish","hentry"],"acf":[],"_links":{"self":[{"href":"https:\/\/stage.sundsgardenkonferens.se\/sv\/wp-json\/wp\/v2\/pages\/1298","targetHints":{"allow":["GET"]}}],"collection":[{"href":"https:\/\/stage.sundsgardenkonferens.se\/sv\/wp-json\/wp\/v2\/pages"}],"about":[{"href":"https:\/\/stage.sundsgardenkonferens.se\/sv\/wp-json\/wp\/v2\/types\/page"}],"author":[{"embeddable":true,"href":"https:\/\/stage.sundsgardenkonferens.se\/sv\/wp-json\/wp\/v2\/users\/1"}],"replies":[{"embeddable":true,"href":"https:\/\/stage.sundsgardenkonferens.se\/sv\/wp-json\/wp\/v2\/comments?post=1298"}],"version-history":[{"count":3,"href":"https:\/\/stage.sundsgardenkonferens.se\/sv\/wp-json\/wp\/v2\/pages\/1298\/revisions"}],"predecessor-version":[{"id":1316,"href":"https:\/\/stage.sundsgardenkonferens.se\/sv\/wp-json\/wp\/v2\/pages\/1298\/revisions\/1316"}],"wp:attachment":[{"href":"https:\/\/stage.sundsgardenkonferens.se\/sv\/wp-json\/wp\/v2\/media?parent=1298"}],"curies":[{"name":"wp","href":"https:\/\/api.w.org\/{rel}","templated":true}]}}