{"id":1348,"date":"2025-04-28T19:14:02","date_gmt":"2025-04-28T19:14:02","guid":{"rendered":"https:\/\/stage.sundsgardenkonferens.se\/?page_id=1348"},"modified":"2025-04-28T19:20:24","modified_gmt":"2025-04-28T19:20:24","slug":"pa-sundsgarden","status":"publish","type":"page","link":"https:\/\/stage.sundsgardenkonferens.se\/sv\/pa-sundsgarden\/","title":{"rendered":"P\u00e5 Sundsg\u00e5rden"},"content":{"rendered":"\n<p class=\"wp-block-paragraph\">P\u00e5 Sundsg\u00e5rden finns det en hel del aktiviteter som ni kan l\u00e5na saker av oss till. <\/p>\n\n\n\n<p class=\"wp-block-paragraph\">Till exempel Kubb, schack<\/p>\n","protected":false},"excerpt":{"rendered":"<p>P\u00e5 Sundsg\u00e5rden finns det en hel del aktiviteter som ni kan l\u00e5na saker av oss till. Till exempel Kubb, schack<\/p>\n","protected":false},"author":1,"featured_media":673,"parent":0,"menu_order":0,"comment_status":"closed","ping_status":"closed","template":"page-templates\/template-page-group.php","meta":{"_acf_changed":false,"_eb_attr":"","_crdt_document":"","footnotes":""},"class_list":["post-1348","page","type-page","status-publish","has-post-thumbnail","hentry"],"acf":[],"_links":{"self":[{"href":"https:\/\/stage.sundsgardenkonferens.se\/sv\/wp-json\/wp\/v2\/pages\/1348","targetHints":{"allow":["GET"]}}],"collection":[{"href":"https:\/\/stage.sundsgardenkonferens.se\/sv\/wp-json\/wp\/v2\/pages"}],"about":[{"href":"https:\/\/stage.sundsgardenkonferens.se\/sv\/wp-json\/wp\/v2\/types\/page"}],"author":[{"embeddable":true,"href":"https:\/\/stage.sundsgardenkonferens.se\/sv\/wp-json\/wp\/v2\/users\/1"}],"replies":[{"embeddable":true,"href":"https:\/\/stage.sundsgardenkonferens.se\/sv\/wp-json\/wp\/v2\/comments?post=1348"}],"version-history":[{"count":2,"href":"https:\/\/stage.sundsgardenkonferens.se\/sv\/wp-json\/wp\/v2\/pages\/1348\/revisions"}],"predecessor-version":[{"id":1352,"href":"https:\/\/stage.sundsgardenkonferens.se\/sv\/wp-json\/wp\/v2\/pages\/1348\/revisions\/1352"}],"wp:featuredmedia":[{"embeddable":true,"href":"https:\/\/stage.sundsgardenkonferens.se\/sv\/wp-json\/wp\/v2\/media\/673"}],"wp:attachment":[{"href":"https:\/\/stage.sundsgardenkonferens.se\/sv\/wp-json\/wp\/v2\/media?parent=1348"}],"curies":[{"name":"wp","href":"https:\/\/api.w.org\/{rel}","templated":true}]}}