{"id":786,"date":"2025-01-24T04:10:50","date_gmt":"2025-01-24T04:10:50","guid":{"rendered":"https:\/\/stage.sundsgardenkonferens.se\/go-fishing\/"},"modified":"2025-01-28T21:15:49","modified_gmt":"2025-01-28T21:15:49","slug":"go-fishing","status":"publish","type":"page","link":"https:\/\/stage.sundsgardenkonferens.se\/sv\/go-fishing\/","title":{"rendered":"Fiske"},"content":{"rendered":"<p>Prova fiskelyckan i R\u00e5\u00e5ns Fiskev\u00e5rdsomr\u00e5de eller f\u00f6lj med fiskeb\u00e5tarna ut p\u00e5 en fisketur till havs.<\/p>\n<p>Under sommarm\u00e5naderna f\u00e5ngas m\u00e5nga olika fiskarter till havs, som stora gr\u00e5sejar och torsk upp till 10kg. N\u00e4r str\u00f6mmarna passar kommer makrillen in i sundet. Under h\u00f6stm\u00e5naderna fiskas det stor, fet sill i enorma stim, blandat med fint torskfiske.<\/p>\n<p><img loading=\"lazy\" decoding=\"async\" src=\"https:\/\/stage.sundsgardenkonferens.se\/wp-content\/uploads\/2025\/01\/Skarmavbild-2020-05-07-kl.-14.07.55.png\" alt=\"Fisketur med R\u00e5\u00e5b\u00e5tarna\" width=\"326\" height=\"209\" \/><\/p>\n<p><strong>Fisketur till havs<\/strong><\/p>\n<p><a href=\"http:\/\/raabatarna.nu\/fisketurer\" target=\"_blank\" rel=\"noopener\"><strong>R\u00c5\u00c5B\u00c5TARNA<\/strong><\/a><br \/>\navg\u00e5r fr\u00e5n R\u00e5\u00e5 hamn \u00e5ret runt till de ber\u00f6mda fiskeplatserna runt Ven och Helsingborg i \u00d6resund. En oerh\u00f6rt popul\u00e4r fisketur \u00e4r deras mete-turer som inneb\u00e4r att man bottenmetar, framf\u00f6rallt efter plattfisk. Detta fiske kr\u00e4ver mer utrymme och d\u00e5 \u00e4r vi \u00e4r n\u00e5got f\u00e4rre ombord. Du kan \u00e4ven ta dessa b\u00e5tar till och fr\u00e5n Ven. L\u00e4s mer p\u00e5 <a href=\"https:\/\/raabatarna.nu\/\" target=\"_blank\" rel=\"noopener\">https:\/\/raabatarna.nu\/<\/a><\/p>\n<p><a href=\"http:\/\/www.landskronabaten.se\/\" target=\"_blank\" rel=\"noopener\"><strong>LANDSKRONAB\u00c5TARNA<\/strong><\/a><br \/>\nMed Landskrona som utg\u00e5ngshamn n\u00e5s djuph\u00e5lorna runt Ven p\u00e5 bara 15 minuter. Beroende p\u00e5 \u00e5rstid f\u00e5ngas det en stor m\u00e4ngd olika arter, t.ex. torsk, sill, makrill och olika sorters plattfisk.<br \/>\nH\u00e4r kan du ocks\u00e5 hyra eller k\u00f6pa all fiskeutrustning du beh\u00f6ver f\u00f6r en lyckad tur. L\u00e4s mer p\u00e5 <a href=\"http:\/\/landskronabaten.se\/\" target=\"_blank\" rel=\"noopener\">www.landskronabaten.se<\/a><\/p>\n<p><img loading=\"lazy\" decoding=\"async\" src=\"https:\/\/stage.sundsgardenkonferens.se\/wp-content\/uploads\/2025\/01\/Skarmavbild-2020-05-07-kl.-14.01.39.png\" alt=\"R\u00e5\u00e5ns fiskev\u00e5rdsomr\u00e5de\" width=\"324\" height=\"255\" \/><\/p>\n<p><strong><a href=\"http:\/\/www.rfvo.se\/fiskeregler.php\" target=\"_blank\" rel=\"noopener\">Fiskekort &amp; regler i R\u00e5\u00e5n<\/a><\/strong><\/p>\n<p><a href=\"http:\/\/www.rfvo.se\/\" target=\"_blank\" rel=\"noopener\"><strong>FISKA I R\u00c5\u00c5N<\/strong><\/a><br \/>\nR\u00e5\u00e5n har ett rikt urval av fisk. H\u00e4r finns havs\u00f6ring, abborre, gr\u00f6nling, g\u00e4dda, m\u00f6rt, ruda samt en och annan lax. Du kan fiska i R\u00e5\u00e5n mellan 1 januari och 30 september, men beh\u00f6ver fiskekort f\u00f6r att g\u00f6ra det. L\u00e4s mer p\u00e5 <a href=\"http:\/\/rfvo.se\/\" target=\"_blank\" rel=\"noopener\">www.rfvo.se<\/a><\/p>\n","protected":false},"excerpt":{"rendered":"<p>Prova fiskelyckan i R\u00e5\u00e5ns Fiskev\u00e5rdsomr\u00e5de eller f\u00f6lj med fiskeb\u00e5tarna ut p\u00e5 en fisketur till havs. Under sommarm\u00e5naderna f\u00e5ngas m\u00e5nga olika fiskarter till havs, som stora gr\u00e5sejar och torsk upp till 10kg. N\u00e4r str\u00f6mmarna passar kommer makrillen in i sundet. Under h\u00f6stm\u00e5naderna fiskas det stor, fet sill i enorma stim, blandat med fint torskfiske. Fisketur till [&hellip;]<\/p>\n","protected":false},"author":1,"featured_media":768,"parent":0,"menu_order":0,"comment_status":"closed","ping_status":"closed","template":"page-templates\/template-page-group.php","meta":{"_acf_changed":false,"_eb_attr":"","_crdt_document":"","footnotes":""},"class_list":["post-786","page","type-page","status-publish","has-post-thumbnail","hentry"],"acf":[],"_links":{"self":[{"href":"https:\/\/stage.sundsgardenkonferens.se\/sv\/wp-json\/wp\/v2\/pages\/786","targetHints":{"allow":["GET"]}}],"collection":[{"href":"https:\/\/stage.sundsgardenkonferens.se\/sv\/wp-json\/wp\/v2\/pages"}],"about":[{"href":"https:\/\/stage.sundsgardenkonferens.se\/sv\/wp-json\/wp\/v2\/types\/page"}],"author":[{"embeddable":true,"href":"https:\/\/stage.sundsgardenkonferens.se\/sv\/wp-json\/wp\/v2\/users\/1"}],"replies":[{"embeddable":true,"href":"https:\/\/stage.sundsgardenkonferens.se\/sv\/wp-json\/wp\/v2\/comments?post=786"}],"version-history":[{"count":2,"href":"https:\/\/stage.sundsgardenkonferens.se\/sv\/wp-json\/wp\/v2\/pages\/786\/revisions"}],"predecessor-version":[{"id":798,"href":"https:\/\/stage.sundsgardenkonferens.se\/sv\/wp-json\/wp\/v2\/pages\/786\/revisions\/798"}],"wp:featuredmedia":[{"embeddable":true,"href":"https:\/\/stage.sundsgardenkonferens.se\/sv\/wp-json\/wp\/v2\/media\/768"}],"wp:attachment":[{"href":"https:\/\/stage.sundsgardenkonferens.se\/sv\/wp-json\/wp\/v2\/media?parent=786"}],"curies":[{"name":"wp","href":"https:\/\/api.w.org\/{rel}","templated":true}]}}