{"id":791,"date":"2025-01-24T08:19:26","date_gmt":"2025-01-24T08:19:26","guid":{"rendered":"https:\/\/stage.sundsgardenkonferens.se\/?page_id=791"},"modified":"2025-01-28T21:16:38","modified_gmt":"2025-01-28T21:16:38","slug":"vandra","status":"publish","type":"page","link":"https:\/\/stage.sundsgardenkonferens.se\/sv\/vandra\/","title":{"rendered":"Vandra"},"content":{"rendered":"<p>G\u00e5 p\u00e5 vandring i v\u00e5rt vackra landskap. Det finns m\u00e5nga fina vandringsleder och stigar i v\u00e5rt direkta n\u00e4romr\u00e5de. Njut av den Sk\u00e5nska naturen\u00a0till fots. Det bjuds\u00a0p\u00e5 enast\u00e5ende upplevelser genom naturreservaten, l\u00e4ngst \u00d6resunds h\u00e4rliga kust med lilla \u00f6n Ven i bakgrunden. L\u00e4ngd och sv\u00e5righetsgrad v\u00e4ljer du sj\u00e4lv.<\/p>\n<p><strong><a href=\"https:\/\/www.skaneleden.se\/\">SK\u00c5NELEDEN<\/a><\/strong><br \/>\nEn etapp av Sk\u00e5neleden g\u00e5r f\u00f6rbi precis utanf\u00f6r Sundsg\u00e5rden. Fr\u00e5n oss, s\u00f6derut via\u00a0Raml\u00f6sa\u00a0till Landskrona g\u00e5r etapp SL5. P\u00e5 sandiga stigar, randen av branter och p\u00e5 strandv\u00e4gar tar du dig s\u00f6derut l\u00e4ngs kusten. Fr\u00e5n Glumsl\u00f6vs backar har du utsikt \u00f6ver hela \u00d6resund och du passerar genom det charmiga fiskel\u00e4get \u00c5labodarna. <strong><a href=\"https:\/\/skaneleden.se\/etapp\/8-rydeback-landskrona\">L\u00e4s mer om etappen h\u00e4r<\/a>.<\/strong><\/p>\n<p>Eller s\u00e5 tar du etappen norrut genom Helsingborg, via H\u00f6gan\u00e4s, Kullaberg, Arild till Utv\u00e4linge. Leden \u00e4r 70 km l\u00e5ng och erbjuder m\u00e5nga varierade upplevelser l\u00e4ngs str\u00e4ckan. <strong><a href=\"https:\/\/kullaleden.se\/\">L\u00e4s mer om Kullaleden h\u00e4r.<\/a><\/strong><\/p>\n<p><img loading=\"lazy\" decoding=\"async\" src=\"https:\/\/stage.sundsgardenkonferens.se\/wp-content\/uploads\/2025\/01\/Glumslovsbackar.png\" alt=\"Vandringsleder n\u00e4ra Sundsg\u00e5rden hotell &amp; konferens\" width=\"346\" height=\"202\" \/><\/p>\n<p><a href=\"https:\/\/skane.naturskyddsforeningen.se\/hittaut\/nordvastra-skane\/glumslovs-backar\/\"><strong>GLUMSL\u00d6VS BACKAR\u00a0&amp; HILLESH\u00d6GS DALAR<\/strong><\/a><br \/>\n\u00e4r en h\u00f6jd strax norr om\u00a0Landskrona. Backarna ligger dels i\u00a0Glumsl\u00f6vs socken, dels i\u00a0H\u00e4rsl\u00f6vs socken. Samh\u00e4llet\u00a0Glumsl\u00f6v\u00a0ligger n\u00e4ra dess h\u00f6gsta punkt, som ligger drygt 100 meter \u00f6ver havet. En del av Glumsl\u00f6vs backar som leder ner till havet kallas\u00a0Hillesh\u00f6gs dalar\u00a0och \u00e4r ett\u00a0naturreservat.\u00a0Backarna och ett st\u00f6rre omr\u00e5de av odlingslandskapet utg\u00f6r\u00a0Glumsl\u00f6vs naturv\u00e5rdsomr\u00e5de. H\u00e4r bjuds du in till h\u00f6ga branter d\u00e4r du kan blicka ut \u00f6ver Landskronas kustremsa och njuta av den sl\u00e5ende utsikten \u00f6ver havet och \u00f6n Ven.<\/p>\n<p><img loading=\"lazy\" decoding=\"async\" src=\"https:\/\/stage.sundsgardenkonferens.se\/wp-content\/uploads\/2025\/01\/Skarmavbild-2020-05-07-kl.-12.36.30.png\" alt=\"R\u00e5\u00e5ns dalg\u00e5ng\" width=\"345\" height=\"264\" \/><\/p>\n<p><strong><a href=\"https:\/\/www.lansstyrelsen.se\/skane\/besoksmal\/naturreservat\/helsingborg\/raans-dalgang.html\">R\u00c5\u00c5NS DALG\u00c5NG<\/a><\/strong><br \/>\n\u00e4r bel\u00e4get strax s\u00f6der om Helsingborg och str\u00e4cker sig l\u00e4ngs med R\u00e5\u00e5n i ungef\u00e4r 5 km, mellan R\u00e5\u00e5 och Gantofta. I R\u00e5\u00e5ns dalg\u00e5ng finner man ett mosaikartat kulturlandskap med en m\u00e4ngd fornl\u00e4mningar &#8211; bland annat \u00e4tteh\u00f6gar fr\u00e5n brons\u00e5ldern, den medeltida kyrkan i Raus, stenbroar och en gammal pestkyrkog\u00e5rd. F\u00e5gellivet \u00e4r rikt och bland annat h\u00e4ckar mindre hackspett, str\u00f6mstare och fors\u00e4rla i omr\u00e5det. H\u00e4r ligger \u00e4ven det lummiga l\u00f6vskogsreservatet <a href=\"https:\/\/skane.naturskyddsforeningen.se\/hittaut\/nordvastra-skane\/borgen\/\">Borgen<\/a>. D\u00e4r \u00e5terfinns ocks\u00e5 <a href=\"https:\/\/wallakra.com\/\">Wall\u00e5kra Stenk\u00e4rlsfabrik<\/a> och krog med uts\u00f6kt mat och en fabrik som \u00e4r ett levande industriminne med anor fr\u00e5n 1864.<\/p>\n<p><img loading=\"lazy\" decoding=\"async\" src=\"https:\/\/stage.sundsgardenkonferens.se\/wp-content\/uploads\/2025\/01\/Skarmavbild-2020-05-07-kl.-12.47.15.png\" alt=\"Raml\u00f6sa ravinen\" width=\"346\" height=\"322\" \/><\/p>\n<p><strong><a href=\"https:\/\/naturkartan.se\/sv\/helsingborg\/ramlosaravinen\">RAML\u00d6SA RAVINEN<\/a><\/strong><br \/>\nDjupt nere i Raml\u00f6saravinen kan du f\u00f6lja den slingrande Lusseb\u00e4ckens v\u00e4g genom skogen. H\u00e4r v\u00e4xer gammal bokskog men \u00e4ven ek, lind och avenbok. En av ravinens tv\u00e5 k\u00e4llor sipprar fram genom berggrunden.<\/p>\n<p>P\u00e5 h\u00f6jderna ovanf\u00f6r kan du uppleva parkens ovanliga tr\u00e4d, all\u00e9er, brunnsepokens tr\u00e4villor och Sveriges st\u00f6rsta tr\u00e4byggnad, Brunnshotellet. Platsen har en sp\u00e4nnande historia som hemvist f\u00f6r banditer och soldater, brunnsdrickande adel och flyktingar fr\u00e5n andra v\u00e4rldskriget<\/p>\n","protected":false},"excerpt":{"rendered":"<p>G\u00e5 p\u00e5 vandring i v\u00e5rt vackra landskap. Det finns m\u00e5nga fina vandringsleder och stigar i v\u00e5rt direkta n\u00e4romr\u00e5de. Njut av den Sk\u00e5nska naturen\u00a0till fots. Det bjuds\u00a0p\u00e5 enast\u00e5ende upplevelser genom naturreservaten, l\u00e4ngst \u00d6resunds h\u00e4rliga kust med lilla \u00f6n Ven i bakgrunden. L\u00e4ngd och sv\u00e5righetsgrad v\u00e4ljer du sj\u00e4lv. SK\u00c5NELEDEN En etapp av Sk\u00e5neleden g\u00e5r f\u00f6rbi precis utanf\u00f6r [&hellip;]<\/p>\n","protected":false},"author":1,"featured_media":805,"parent":0,"menu_order":0,"comment_status":"closed","ping_status":"closed","template":"page-templates\/template-page-group.php","meta":{"_acf_changed":false,"_eb_attr":"","_crdt_document":"","footnotes":""},"class_list":["post-791","page","type-page","status-publish","has-post-thumbnail","hentry"],"acf":[],"_links":{"self":[{"href":"https:\/\/stage.sundsgardenkonferens.se\/sv\/wp-json\/wp\/v2\/pages\/791","targetHints":{"allow":["GET"]}}],"collection":[{"href":"https:\/\/stage.sundsgardenkonferens.se\/sv\/wp-json\/wp\/v2\/pages"}],"about":[{"href":"https:\/\/stage.sundsgardenkonferens.se\/sv\/wp-json\/wp\/v2\/types\/page"}],"author":[{"embeddable":true,"href":"https:\/\/stage.sundsgardenkonferens.se\/sv\/wp-json\/wp\/v2\/users\/1"}],"replies":[{"embeddable":true,"href":"https:\/\/stage.sundsgardenkonferens.se\/sv\/wp-json\/wp\/v2\/comments?post=791"}],"version-history":[{"count":5,"href":"https:\/\/stage.sundsgardenkonferens.se\/sv\/wp-json\/wp\/v2\/pages\/791\/revisions"}],"predecessor-version":[{"id":824,"href":"https:\/\/stage.sundsgardenkonferens.se\/sv\/wp-json\/wp\/v2\/pages\/791\/revisions\/824"}],"wp:featuredmedia":[{"embeddable":true,"href":"https:\/\/stage.sundsgardenkonferens.se\/sv\/wp-json\/wp\/v2\/media\/805"}],"wp:attachment":[{"href":"https:\/\/stage.sundsgardenkonferens.se\/sv\/wp-json\/wp\/v2\/media?parent=791"}],"curies":[{"name":"wp","href":"https:\/\/api.w.org\/{rel}","templated":true}]}}